{"id":1474,"date":"2024-04-15T10:01:37","date_gmt":"2024-04-15T10:01:37","guid":{"rendered":"https:\/\/demo.bosathemes.com\/bosa\/portfolio-resume\/?page_id=1199"},"modified":"2026-01-09T16:25:43","modified_gmt":"2026-01-09T16:25:43","slug":"smile_makeovers","status":"publish","type":"page","link":"https:\/\/dentalcliniquecr.com\/es\/smile_makeovers\/","title":{"rendered":"Makeover"},"content":{"rendered":"<div data-elementor-type=\"wp-page\" data-elementor-id=\"1474\" class=\"elementor elementor-1474\">\n\t\t\t\t<div class=\"elementor-element elementor-element-2e4c606 e-flex e-con-boxed e-con e-parent\" data-id=\"2e4c606\" data-element_type=\"container\" data-e-type=\"container\" data-settings=\"{&quot;background_background&quot;:&quot;classic&quot;}\">\n\t\t\t\t\t<div class=\"e-con-inner\">\n\t\t<div class=\"elementor-element elementor-element-e17e669 e-flex e-con-boxed e-con e-child\" data-id=\"e17e669\" data-element_type=\"container\" data-e-type=\"container\">\n\t\t\t\t\t<div class=\"e-con-inner\">\n\t\t\t\t<div class=\"elementor-element elementor-element-818a989 elementor-widget elementor-widget-elementskit-heading\" data-id=\"818a989\" data-element_type=\"widget\" data-e-type=\"widget\" data-widget_type=\"elementskit-heading.default\">\n\t\t\t\t<div class=\"elementor-widget-container\">\n\t\t\t\t\t<div class=\"ekit-wid-con\" ><div class=\"ekit-heading elementskit-section-title-wraper text_center   ekit_heading_tablet-   ekit_heading_mobile-\"><h2 class=\"ekit-heading--title elementskit-section-title\">Sonrisas <span><span>Makeovers<\/span><\/span><\/h2><\/div><\/div>\t\t\t\t<\/div>\n\t\t\t\t<\/div>\n\t\t\t\t\t<\/div>\n\t\t\t\t<\/div>\n\t\t\t\t\t<\/div>\n\t\t\t\t<\/div>\n\t\t<div class=\"elementor-element elementor-element-c638d7e e-flex e-con-boxed e-con e-parent\" data-id=\"c638d7e\" data-element_type=\"container\" data-e-type=\"container\">\n\t\t\t\t\t<div class=\"e-con-inner\">\n\t\t\t\t\t<\/div>\n\t\t\t\t<\/div>\n\t\t<div class=\"elementor-element elementor-element-ab027d4 e-flex e-con-boxed e-con e-parent\" data-id=\"ab027d4\" data-element_type=\"container\" data-e-type=\"container\">\n\t\t\t\t\t<div class=\"e-con-inner\">\n\t\t<div class=\"elementor-element elementor-element-f750e55 e-con-full e-flex e-con e-child\" data-id=\"f750e55\" data-element_type=\"container\" data-e-type=\"container\">\n\t\t\t\t<div class=\"elementor-element elementor-element-45e42fe elementor-widget__width-initial elementor-widget elementor-widget-elementskit-heading\" data-id=\"45e42fe\" data-element_type=\"widget\" data-e-type=\"widget\" data-widget_type=\"elementskit-heading.default\">\n\t\t\t\t<div class=\"elementor-widget-container\">\n\t\t\t\t\t<div class=\"ekit-wid-con\" ><div class=\"ekit-heading elementskit-section-title-wraper text_left   ekit_heading_tablet-text_center   ekit_heading_mobile-\"><h2 class=\"ekit-heading--title elementskit-section-title\">Tu sonrisa: <span><span>Antes &amp; Despu\u00e9s<\/span><\/span><\/h2>\t\t\t\t<div class='ekit-heading__description'>\n\t\t\t\t\t<p>Tu sonrisa es \u00fanica y merece reflejar la mejor versi\u00f3n de ti.<\/p>\n<p><br \/>Una <strong>Sonrisa Makeover<\/strong> es un tratamiento dental totalmente personalizado que combina diferentes procedimientos para mejorar la est\u00e9tica, armon\u00eda y funcionalidad de tu sonrisa.<\/p>\n<p>\u00a0<\/p>\n<p>Mediante un an\u00e1lisis detallado de sus rasgos faciales, dientes y enc\u00edas, creamos un plan de tratamiento personalizado que puede incluir blanqueamiento dental, carillas, restauraciones est\u00e9ticas y correcciones de forma y color. El objetivo es lograr una sonrisa natural y equilibrada que complemente su personalidad.<\/p>\n<p>\u00a0<\/p>\n<p>No se trata solo de tener dientes m\u00e1s blancos, se trata de una transformaci\u00f3n que aumenta tu confianza y tu bienestar general.<\/p>\n<p>Every Smile Makeover tells a story of transformation.<\/p>\n<p><br \/>Desde mejoras sutiles hasta redise\u00f1os completos de la sonrisa, los resultados hablan por s\u00ed solos: sonrisas m\u00e1s armoniosas, seguras y de aspecto natural, elaboradas con precisi\u00f3n y cuidado profesional.<\/p>\n\t\t\t\t<\/div>\n\t\t\t<\/div><\/div>\t\t\t\t<\/div>\n\t\t\t\t<\/div>\n\t\t\t\t<\/div>\n\t\t<div class=\"elementor-element elementor-element-2dce3ce e-con-full e-flex e-con e-child\" data-id=\"2dce3ce\" data-element_type=\"container\" data-e-type=\"container\">\n\t\t\t\t<div class=\"elementor-element elementor-element-4396a9d elementor-arrows-position-inside elementor-pagination-position-outside elementor-widget elementor-widget-image-carousel\" data-id=\"4396a9d\" data-element_type=\"widget\" data-e-type=\"widget\" data-settings=\"{&quot;slides_to_show&quot;:&quot;1&quot;,&quot;effect&quot;:&quot;fade&quot;,&quot;navigation&quot;:&quot;both&quot;,&quot;autoplay&quot;:&quot;yes&quot;,&quot;pause_on_hover&quot;:&quot;yes&quot;,&quot;pause_on_interaction&quot;:&quot;yes&quot;,&quot;autoplay_speed&quot;:5000,&quot;infinite&quot;:&quot;yes&quot;,&quot;speed&quot;:500}\" data-widget_type=\"image-carousel.default\">\n\t\t\t\t<div class=\"elementor-widget-container\">\n\t\t\t\t\t\t\t<div class=\"elementor-image-carousel-wrapper swiper\" role=\"region\" aria-roledescription=\"carousel\" aria-label=\"Carrusel de im\u00e1genes\" dir=\"ltr\">\n\t\t\t<div class=\"elementor-image-carousel swiper-wrapper\" aria-live=\"off\">\n\t\t\t\t\t\t\t\t<div class=\"swiper-slide\" role=\"group\" aria-roledescription=\"slide\" aria-label=\"1 de 19\"><figure class=\"swiper-slide-inner\"><img decoding=\"async\" class=\"swiper-slide-image\" src=\"https:\/\/dentalcliniquecr.com\/wp-content\/uploads\/2026\/01\/smile_makeover-768x768.jpeg\" alt=\"smile_makeover\" \/><\/figure><\/div><div class=\"swiper-slide\" role=\"group\" aria-roledescription=\"slide\" aria-label=\"2 de 19\"><figure class=\"swiper-slide-inner\"><img decoding=\"async\" class=\"swiper-slide-image\" src=\"https:\/\/dentalcliniquecr.com\/wp-content\/uploads\/2026\/01\/smile_makeover_1-768x768.jpeg\" alt=\"smile_makeover_1\" \/><\/figure><\/div><div class=\"swiper-slide\" role=\"group\" aria-roledescription=\"slide\" aria-label=\"3 de 19\"><figure class=\"swiper-slide-inner\"><img decoding=\"async\" class=\"swiper-slide-image\" src=\"https:\/\/dentalcliniquecr.com\/wp-content\/uploads\/2026\/01\/smile_makeover_2-768x768.jpeg\" alt=\"smile_makeover_2\" \/><\/figure><\/div><div class=\"swiper-slide\" role=\"group\" aria-roledescription=\"slide\" aria-label=\"4 de 19\"><figure class=\"swiper-slide-inner\"><img decoding=\"async\" class=\"swiper-slide-image\" src=\"https:\/\/dentalcliniquecr.com\/wp-content\/uploads\/2026\/01\/smile_makeover_3-768x768.jpeg\" alt=\"smile_makeover_3\" \/><\/figure><\/div><div class=\"swiper-slide\" role=\"group\" aria-roledescription=\"slide\" aria-label=\"5 de 19\"><figure class=\"swiper-slide-inner\"><img decoding=\"async\" class=\"swiper-slide-image\" src=\"https:\/\/dentalcliniquecr.com\/wp-content\/uploads\/2026\/01\/smile_makeover_4-768x768.jpeg\" alt=\"smile_makeover_4\" \/><\/figure><\/div><div class=\"swiper-slide\" role=\"group\" aria-roledescription=\"slide\" aria-label=\"6 de 19\"><figure class=\"swiper-slide-inner\"><img decoding=\"async\" class=\"swiper-slide-image\" src=\"https:\/\/dentalcliniquecr.com\/wp-content\/uploads\/2026\/01\/smile_makeover_5-768x677.jpeg\" alt=\"smile_makeover_5\" \/><\/figure><\/div><div class=\"swiper-slide\" role=\"group\" aria-roledescription=\"slide\" aria-label=\"7 de 19\"><figure class=\"swiper-slide-inner\"><img decoding=\"async\" class=\"swiper-slide-image\" src=\"https:\/\/dentalcliniquecr.com\/wp-content\/uploads\/2026\/01\/smile_makeover_6-768x540.jpeg\" alt=\"smile_makeover_6\" \/><\/figure><\/div><div class=\"swiper-slide\" role=\"group\" aria-roledescription=\"slide\" aria-label=\"8 de 19\"><figure class=\"swiper-slide-inner\"><img decoding=\"async\" class=\"swiper-slide-image\" src=\"https:\/\/dentalcliniquecr.com\/wp-content\/uploads\/2026\/01\/smile_makeover_7-768x484.jpeg\" alt=\"smile_makeover_7\" \/><\/figure><\/div><div class=\"swiper-slide\" role=\"group\" aria-roledescription=\"slide\" aria-label=\"9 de 19\"><figure class=\"swiper-slide-inner\"><img decoding=\"async\" class=\"swiper-slide-image\" src=\"https:\/\/dentalcliniquecr.com\/wp-content\/uploads\/2026\/01\/smile_makeover_8-768x527.jpeg\" alt=\"smile_makeover_8\" \/><\/figure><\/div><div class=\"swiper-slide\" role=\"group\" aria-roledescription=\"slide\" aria-label=\"10 de 19\"><figure class=\"swiper-slide-inner\"><img decoding=\"async\" class=\"swiper-slide-image\" src=\"https:\/\/dentalcliniquecr.com\/wp-content\/uploads\/2026\/01\/smile_makeover_9-768x768.jpeg\" alt=\"smile_makeover_9\" \/><\/figure><\/div><div class=\"swiper-slide\" role=\"group\" aria-roledescription=\"slide\" aria-label=\"11 de 19\"><figure class=\"swiper-slide-inner\"><img decoding=\"async\" class=\"swiper-slide-image\" src=\"https:\/\/dentalcliniquecr.com\/wp-content\/uploads\/2026\/01\/smile_makeover_10-768x768.jpeg\" alt=\"smile_makeover_10\" \/><\/figure><\/div><div class=\"swiper-slide\" role=\"group\" aria-roledescription=\"slide\" aria-label=\"12 de 19\"><figure class=\"swiper-slide-inner\"><img decoding=\"async\" class=\"swiper-slide-image\" src=\"https:\/\/dentalcliniquecr.com\/wp-content\/uploads\/2026\/01\/smile_makeover_11-768x768.jpeg\" alt=\"smile_makeover_11\" \/><\/figure><\/div><div class=\"swiper-slide\" role=\"group\" aria-roledescription=\"slide\" aria-label=\"13 de 19\"><figure class=\"swiper-slide-inner\"><img decoding=\"async\" class=\"swiper-slide-image\" src=\"https:\/\/dentalcliniquecr.com\/wp-content\/uploads\/2026\/01\/smile_makeover_12-768x742.jpeg\" alt=\"smile_makeover_12\" \/><\/figure><\/div><div class=\"swiper-slide\" role=\"group\" aria-roledescription=\"slide\" aria-label=\"14 de 19\"><figure class=\"swiper-slide-inner\"><img decoding=\"async\" class=\"swiper-slide-image\" src=\"https:\/\/dentalcliniquecr.com\/wp-content\/uploads\/2026\/01\/smile_makeover_14-768x689.jpeg\" alt=\"smile_makeover_14\" \/><\/figure><\/div><div class=\"swiper-slide\" role=\"group\" aria-roledescription=\"slide\" aria-label=\"15 de 19\"><figure class=\"swiper-slide-inner\"><img decoding=\"async\" class=\"swiper-slide-image\" src=\"https:\/\/dentalcliniquecr.com\/wp-content\/uploads\/2026\/01\/smile_makeover_15-768x581.jpeg\" alt=\"smile_makeover_15\" \/><\/figure><\/div><div class=\"swiper-slide\" role=\"group\" aria-roledescription=\"slide\" aria-label=\"16 de 19\"><figure class=\"swiper-slide-inner\"><img decoding=\"async\" class=\"swiper-slide-image\" src=\"https:\/\/dentalcliniquecr.com\/wp-content\/uploads\/2026\/01\/smile_makeover_16-768x768.jpeg\" alt=\"smile_makeover_16\" \/><\/figure><\/div><div class=\"swiper-slide\" role=\"group\" aria-roledescription=\"slide\" aria-label=\"17 de 19\"><figure class=\"swiper-slide-inner\"><img decoding=\"async\" class=\"swiper-slide-image\" src=\"https:\/\/dentalcliniquecr.com\/wp-content\/uploads\/2026\/01\/smile_makeover_17-768x517.jpeg\" alt=\"smile_makeover_17\" \/><\/figure><\/div><div class=\"swiper-slide\" role=\"group\" aria-roledescription=\"slide\" aria-label=\"18 de 19\"><figure class=\"swiper-slide-inner\"><img decoding=\"async\" class=\"swiper-slide-image\" src=\"https:\/\/dentalcliniquecr.com\/wp-content\/uploads\/2026\/01\/smile_makeover_18-768x768.jpeg\" alt=\"smile_makeover_18\" \/><\/figure><\/div><div class=\"swiper-slide\" role=\"group\" aria-roledescription=\"slide\" aria-label=\"19 de 19\"><figure class=\"swiper-slide-inner\"><img decoding=\"async\" class=\"swiper-slide-image\" src=\"https:\/\/dentalcliniquecr.com\/wp-content\/uploads\/2026\/01\/smile_makeover_19-768x514.jpeg\" alt=\"smile_makeover_19\" \/><\/figure><\/div>\t\t\t<\/div>\n\t\t\t\t\t\t\t\t\t\t\t\t<div class=\"elementor-swiper-button elementor-swiper-button-prev\" role=\"button\" tabindex=\"0\">\n\t\t\t\t\t\t<svg aria-hidden=\"true\" class=\"e-font-icon-svg e-eicon-chevron-left\" viewbox=\"0 0 1000 1000\" xmlns=\"http:\/\/www.w3.org\/2000\/svg\"><path d=\"M646 125C629 125 613 133 604 142L308 442C296 454 292 471 292 487 292 504 296 521 308 533L604 854C617 867 629 875 646 875 663 875 679 871 692 858 704 846 713 829 713 812 713 796 708 779 692 767L438 487 692 225C700 217 708 204 708 187 708 171 704 154 692 142 675 129 663 125 646 125Z\"><\/path><\/svg>\t\t\t\t\t<\/div>\n\t\t\t\t\t<div class=\"elementor-swiper-button elementor-swiper-button-next\" role=\"button\" tabindex=\"0\">\n\t\t\t\t\t\t<svg aria-hidden=\"true\" class=\"e-font-icon-svg e-eicon-chevron-right\" viewbox=\"0 0 1000 1000\" xmlns=\"http:\/\/www.w3.org\/2000\/svg\"><path d=\"M696 533C708 521 713 504 713 487 713 471 708 454 696 446L400 146C388 133 375 125 354 125 338 125 325 129 313 142 300 154 292 171 292 187 292 204 296 221 308 233L563 492 304 771C292 783 288 800 288 817 288 833 296 850 308 863 321 871 338 875 354 875 371 875 388 867 400 854L696 533Z\"><\/path><\/svg>\t\t\t\t\t<\/div>\n\t\t\t\t\n\t\t\t\t\t\t\t\t\t<div class=\"swiper-pagination\"><\/div>\n\t\t\t\t\t\t\t\t\t<\/div>\n\t\t\t\t\t\t<\/div>\n\t\t\t\t<\/div>\n\t\t\t\t<\/div>\n\t\t\t\t\t<\/div>\n\t\t\t\t<\/div>\n\t\t\t\t<\/div>\n\t\t\n    <div class=\"xs_social_share_widget xs_share_url after_content \t\tmain_content  wslu-style-1 wslu-share-box-shaped wslu-fill-colored wslu-none wslu-share-horizontal wslu-theme-font-no wslu-main_content\">\n\n\t\t\n        <ul>\n\t\t\t        <\/ul>\n    <\/div>","protected":false},"excerpt":{"rendered":"<p>Smile Makeovers Your Smile: Before &amp; After Your smile is unique and deserves to reflect the best version of you. A Smile Makeover is a fully personalized dental treatment that combines different procedures to enhance the aesthetics, harmony, and functionality of your smile. \u00a0 Through a detailed analysis of your facial features, teeth, and gums, we create a customized treatment [&hellip;]<\/p>\n","protected":false},"author":1,"featured_media":0,"parent":0,"menu_order":0,"comment_status":"closed","ping_status":"closed","template":"elementor_header_footer","meta":{"_uag_custom_page_level_css":"","postBodyCss":"","postBodyMargin":[],"postBodyPadding":[],"postBodyBackground":{"backgroundType":"classic","gradient":""},"_themeisle_gutenberg_block_has_review":false,"footnotes":""},"class_list":["post-1474","page","type-page","status-publish","hentry"],"yoast_head":"<!-- This site is optimized with the Yoast SEO plugin v27.1.1 - https:\/\/yoast.com\/product\/yoast-seo-wordpress\/ -->\n<title>Smile Makeovers - Dental Clinique | Healthcare &amp; Implants<\/title>\n<meta name=\"description\" content=\"Dental Clinique in San Jos\u00e9, specialists in cosmetic dentistry and smile design. Personalized care to restore your confidence and smile.\" \/>\n<meta name=\"robots\" content=\"index, follow, max-snippet:-1, max-image-preview:large, max-video-preview:-1\" \/>\n<link rel=\"canonical\" href=\"https:\/\/dentalcliniquecr.com\/es\/smile_makeovers\/\" \/>\n<meta property=\"og:locale\" content=\"es_ES\" \/>\n<meta property=\"og:type\" content=\"article\" \/>\n<meta property=\"og:title\" content=\"Smile Makeovers - Dental Clinique | Healthcare &amp; Implants\" \/>\n<meta property=\"og:description\" content=\"Dental Clinique in San Jos\u00e9, specialists in cosmetic dentistry and smile design. Personalized care to restore your confidence and smile.\" \/>\n<meta property=\"og:url\" content=\"https:\/\/dentalcliniquecr.com\/es\/smile_makeovers\/\" \/>\n<meta property=\"og:site_name\" content=\"Dental Clinique | Healthcare &amp; Implants\" \/>\n<meta property=\"article:modified_time\" content=\"2026-01-09T16:25:43+00:00\" \/>\n<meta property=\"og:image\" content=\"https:\/\/dentalcliniquecr.com\/wp-content\/uploads\/2025\/05\/LOGO-SIN-ISOLOGO.png\" \/>\n\t<meta property=\"og:image:width\" content=\"1586\" \/>\n\t<meta property=\"og:image:height\" content=\"886\" \/>\n\t<meta property=\"og:image:type\" content=\"image\/png\" \/>\n<meta name=\"twitter:card\" content=\"summary_large_image\" \/>\n<meta name=\"twitter:label1\" content=\"Est. reading time\" \/>\n\t<meta name=\"twitter:data1\" content=\"5 minutos\" \/>\n<script type=\"application\/ld+json\" class=\"yoast-schema-graph\">{\"@context\":\"https:\/\/schema.org\",\"@graph\":[{\"@type\":\"WebPage\",\"@id\":\"https:\/\/dentalcliniquecr.com\/smile_makeovers\/\",\"url\":\"https:\/\/dentalcliniquecr.com\/smile_makeovers\/\",\"name\":\"Smile Makeovers - Dental Clinique | Healthcare &amp; Implants\",\"isPartOf\":{\"@id\":\"https:\/\/dentalcliniquecr.com\/#website\"},\"primaryImageOfPage\":{\"@id\":\"https:\/\/dentalcliniquecr.com\/smile_makeovers\/#primaryimage\"},\"image\":{\"@id\":\"https:\/\/dentalcliniquecr.com\/smile_makeovers\/#primaryimage\"},\"thumbnailUrl\":\"https:\/\/dentalcliniquecr.com\/wp-content\/uploads\/2026\/01\/smile_makeover-768x768.jpeg\",\"datePublished\":\"2024-04-15T10:01:37+00:00\",\"dateModified\":\"2026-01-09T16:25:43+00:00\",\"description\":\"Dental Clinique in San Jos\u00e9, specialists in cosmetic dentistry and smile design. Personalized care to restore your confidence and smile.\",\"breadcrumb\":{\"@id\":\"https:\/\/dentalcliniquecr.com\/smile_makeovers\/#breadcrumb\"},\"inLanguage\":\"es-CR\",\"potentialAction\":[{\"@type\":\"ReadAction\",\"target\":[\"https:\/\/dentalcliniquecr.com\/smile_makeovers\/\"]}]},{\"@type\":\"ImageObject\",\"inLanguage\":\"es-CR\",\"@id\":\"https:\/\/dentalcliniquecr.com\/smile_makeovers\/#primaryimage\",\"url\":\"https:\/\/dentalcliniquecr.com\/wp-content\/uploads\/2026\/01\/smile_makeover-768x768.jpeg\",\"contentUrl\":\"https:\/\/dentalcliniquecr.com\/wp-content\/uploads\/2026\/01\/smile_makeover-768x768.jpeg\"},{\"@type\":\"BreadcrumbList\",\"@id\":\"https:\/\/dentalcliniquecr.com\/smile_makeovers\/#breadcrumb\",\"itemListElement\":[{\"@type\":\"ListItem\",\"position\":1,\"name\":\"Portada\",\"item\":\"https:\/\/dentalcliniquecr.com\/\"},{\"@type\":\"ListItem\",\"position\":2,\"name\":\"Smile Makeovers\"}]},{\"@type\":\"WebSite\",\"@id\":\"https:\/\/dentalcliniquecr.com\/#website\",\"url\":\"https:\/\/dentalcliniquecr.com\/\",\"name\":\"Dental Clinique | Healthcare &amp; Implants\",\"description\":\"\",\"publisher\":{\"@id\":\"https:\/\/dentalcliniquecr.com\/#organization\"},\"potentialAction\":[{\"@type\":\"SearchAction\",\"target\":{\"@type\":\"EntryPoint\",\"urlTemplate\":\"https:\/\/dentalcliniquecr.com\/?s={search_term_string}\"},\"query-input\":{\"@type\":\"PropertyValueSpecification\",\"valueRequired\":true,\"valueName\":\"search_term_string\"}}],\"inLanguage\":\"es-CR\"},{\"@type\":\"Organization\",\"@id\":\"https:\/\/dentalcliniquecr.com\/#organization\",\"name\":\"Dental Clinique | Healthcare &amp; Implants\",\"url\":\"https:\/\/dentalcliniquecr.com\/\",\"logo\":{\"@type\":\"ImageObject\",\"inLanguage\":\"es-CR\",\"@id\":\"https:\/\/dentalcliniquecr.com\/#\/schema\/logo\/image\/\",\"url\":\"https:\/\/dentalcliniquecr.com\/wp-content\/uploads\/2025\/05\/cropped-LOGO-SIN-ISOLOGO-2.png\",\"contentUrl\":\"https:\/\/dentalcliniquecr.com\/wp-content\/uploads\/2025\/05\/cropped-LOGO-SIN-ISOLOGO-2.png\",\"width\":240,\"height\":134,\"caption\":\"Dental Clinique | Healthcare &amp; Implants\"},\"image\":{\"@id\":\"https:\/\/dentalcliniquecr.com\/#\/schema\/logo\/image\/\"}}]}<\/script>\n<!-- \/ Yoast SEO plugin. -->","yoast_head_json":{"title":"Smile Makeovers - Dental Clinique | Healthcare &amp; Implants","description":"Dental Clinique in San Jos\u00e9, specialists in cosmetic dentistry and smile design. Personalized care to restore your confidence and smile.","robots":{"index":"index","follow":"follow","max-snippet":"max-snippet:-1","max-image-preview":"max-image-preview:large","max-video-preview":"max-video-preview:-1"},"canonical":"https:\/\/dentalcliniquecr.com\/es\/smile_makeovers\/","og_locale":"es_ES","og_type":"article","og_title":"Smile Makeovers - Dental Clinique | Healthcare &amp; Implants","og_description":"Dental Clinique in San Jos\u00e9, specialists in cosmetic dentistry and smile design. Personalized care to restore your confidence and smile.","og_url":"https:\/\/dentalcliniquecr.com\/es\/smile_makeovers\/","og_site_name":"Dental Clinique | Healthcare &amp; Implants","article_modified_time":"2026-01-09T16:25:43+00:00","og_image":[{"width":1586,"height":886,"url":"https:\/\/dentalcliniquecr.com\/wp-content\/uploads\/2025\/05\/LOGO-SIN-ISOLOGO.png","type":"image\/png"}],"twitter_card":"summary_large_image","twitter_misc":{"Est. reading time":"5 minutos"},"schema":{"@context":"https:\/\/schema.org","@graph":[{"@type":"WebPage","@id":"https:\/\/dentalcliniquecr.com\/smile_makeovers\/","url":"https:\/\/dentalcliniquecr.com\/smile_makeovers\/","name":"Smile Makeovers - Dental Clinique | Healthcare &amp; Implants","isPartOf":{"@id":"https:\/\/dentalcliniquecr.com\/#website"},"primaryImageOfPage":{"@id":"https:\/\/dentalcliniquecr.com\/smile_makeovers\/#primaryimage"},"image":{"@id":"https:\/\/dentalcliniquecr.com\/smile_makeovers\/#primaryimage"},"thumbnailUrl":"https:\/\/dentalcliniquecr.com\/wp-content\/uploads\/2026\/01\/smile_makeover-768x768.jpeg","datePublished":"2024-04-15T10:01:37+00:00","dateModified":"2026-01-09T16:25:43+00:00","description":"Dental Clinique in San Jos\u00e9, specialists in cosmetic dentistry and smile design. Personalized care to restore your confidence and smile.","breadcrumb":{"@id":"https:\/\/dentalcliniquecr.com\/smile_makeovers\/#breadcrumb"},"inLanguage":"es-CR","potentialAction":[{"@type":"ReadAction","target":["https:\/\/dentalcliniquecr.com\/smile_makeovers\/"]}]},{"@type":"ImageObject","inLanguage":"es-CR","@id":"https:\/\/dentalcliniquecr.com\/smile_makeovers\/#primaryimage","url":"https:\/\/dentalcliniquecr.com\/wp-content\/uploads\/2026\/01\/smile_makeover-768x768.jpeg","contentUrl":"https:\/\/dentalcliniquecr.com\/wp-content\/uploads\/2026\/01\/smile_makeover-768x768.jpeg"},{"@type":"BreadcrumbList","@id":"https:\/\/dentalcliniquecr.com\/smile_makeovers\/#breadcrumb","itemListElement":[{"@type":"ListItem","position":1,"name":"Portada","item":"https:\/\/dentalcliniquecr.com\/"},{"@type":"ListItem","position":2,"name":"Smile Makeovers"}]},{"@type":"WebSite","@id":"https:\/\/dentalcliniquecr.com\/#website","url":"https:\/\/dentalcliniquecr.com\/","name":"Dental Clinique | Healthcare &amp; Implants","description":"","publisher":{"@id":"https:\/\/dentalcliniquecr.com\/#organization"},"potentialAction":[{"@type":"SearchAction","target":{"@type":"EntryPoint","urlTemplate":"https:\/\/dentalcliniquecr.com\/?s={search_term_string}"},"query-input":{"@type":"PropertyValueSpecification","valueRequired":true,"valueName":"search_term_string"}}],"inLanguage":"es-CR"},{"@type":"Organization","@id":"https:\/\/dentalcliniquecr.com\/#organization","name":"Dental Clinique | Healthcare &amp; Implants","url":"https:\/\/dentalcliniquecr.com\/","logo":{"@type":"ImageObject","inLanguage":"es-CR","@id":"https:\/\/dentalcliniquecr.com\/#\/schema\/logo\/image\/","url":"https:\/\/dentalcliniquecr.com\/wp-content\/uploads\/2025\/05\/cropped-LOGO-SIN-ISOLOGO-2.png","contentUrl":"https:\/\/dentalcliniquecr.com\/wp-content\/uploads\/2025\/05\/cropped-LOGO-SIN-ISOLOGO-2.png","width":240,"height":134,"caption":"Dental Clinique | Healthcare &amp; Implants"},"image":{"@id":"https:\/\/dentalcliniquecr.com\/#\/schema\/logo\/image\/"}}]}},"uagb_featured_image_src":{"full":false,"thumbnail":false,"medium":false,"medium_large":false,"large":false,"1536x1536":false,"2048x2048":false,"trp-custom-language-flag":false,"bosa-1920-550":false,"bosa-1370-550":false,"bosa-730-90":false,"bosa-590-310":false,"bosa-420-380":false,"bosa-420-300":false,"bosa-420-200":false,"bosa-290-150":false,"bosa-80-60":false,"woocommerce_thumbnail":false,"woocommerce_single":false,"woocommerce_gallery_thumbnail":false},"uagb_author_info":{"display_name":"maglinolivero@gmail.com","author_link":"https:\/\/dentalcliniquecr.com\/es\/author\/maglinoliverogmail-com\/"},"uagb_comment_info":0,"uagb_excerpt":"Smile Makeovers Your Smile: Before &amp; After Your smile is unique and deserves to reflect the best version of you. A Smile Makeover is a fully personalized dental treatment that combines different procedures to enhance the aesthetics, harmony, and functionality of your smile. \u00a0 Through a detailed analysis of your facial features, teeth, and gums,&hellip;","_links":{"self":[{"href":"https:\/\/dentalcliniquecr.com\/es\/wp-json\/wp\/v2\/pages\/1474","targetHints":{"allow":["GET"]}}],"collection":[{"href":"https:\/\/dentalcliniquecr.com\/es\/wp-json\/wp\/v2\/pages"}],"about":[{"href":"https:\/\/dentalcliniquecr.com\/es\/wp-json\/wp\/v2\/types\/page"}],"author":[{"embeddable":true,"href":"https:\/\/dentalcliniquecr.com\/es\/wp-json\/wp\/v2\/users\/1"}],"replies":[{"embeddable":true,"href":"https:\/\/dentalcliniquecr.com\/es\/wp-json\/wp\/v2\/comments?post=1474"}],"version-history":[{"count":38,"href":"https:\/\/dentalcliniquecr.com\/es\/wp-json\/wp\/v2\/pages\/1474\/revisions"}],"predecessor-version":[{"id":1834,"href":"https:\/\/dentalcliniquecr.com\/es\/wp-json\/wp\/v2\/pages\/1474\/revisions\/1834"}],"wp:attachment":[{"href":"https:\/\/dentalcliniquecr.com\/es\/wp-json\/wp\/v2\/media?parent=1474"}],"curies":[{"name":"wp","href":"https:\/\/api.w.org\/{rel}","templated":true}]}}