{"id":1476,"date":"2024-04-15T07:18:57","date_gmt":"2024-04-15T07:18:57","guid":{"rendered":"https:\/\/demo.bosathemes.com\/bosa\/portfolio-resume\/?page_id=1063"},"modified":"2025-09-10T17:39:36","modified_gmt":"2025-09-10T17:39:36","slug":"contact-me","status":"publish","type":"page","link":"https:\/\/dentalcliniquecr.com\/es\/contact-me\/","title":{"rendered":"Cont\u00e1ctanos"},"content":{"rendered":"<div data-elementor-type=\"wp-page\" data-elementor-id=\"1476\" class=\"elementor elementor-1476\">\n\t\t\t\t<div class=\"elementor-element elementor-element-dd41932 e-flex e-con-boxed e-con e-parent\" data-id=\"dd41932\" data-element_type=\"container\" data-e-type=\"container\" data-settings=\"{&quot;background_background&quot;:&quot;classic&quot;}\">\n\t\t\t\t\t<div class=\"e-con-inner\">\n\t\t<div class=\"elementor-element elementor-element-7cca6e8 e-flex e-con-boxed e-con e-child\" data-id=\"7cca6e8\" data-element_type=\"container\" data-e-type=\"container\">\n\t\t\t\t\t<div class=\"e-con-inner\">\n\t\t\t\t<div class=\"elementor-element elementor-element-f141f0a elementor-widget elementor-widget-elementskit-heading\" data-id=\"f141f0a\" data-element_type=\"widget\" data-e-type=\"widget\" data-widget_type=\"elementskit-heading.default\">\n\t\t\t\t<div class=\"elementor-widget-container\">\n\t\t\t\t\t<div class=\"ekit-wid-con\" ><div class=\"ekit-heading elementskit-section-title-wraper text_center   ekit_heading_tablet-   ekit_heading_mobile-\"><h2 class=\"ekit-heading--title elementskit-section-title\">Contact <span><span>Me<\/span><\/span><\/h2><\/div><\/div>\t\t\t\t<\/div>\n\t\t\t\t<\/div>\n\t\t\t\t\t<\/div>\n\t\t\t\t<\/div>\n\t\t\t\t\t<\/div>\n\t\t\t\t<\/div>\n\t\t<div class=\"elementor-element elementor-element-b1fe169 e-flex e-con-boxed e-con e-parent\" data-id=\"b1fe169\" data-element_type=\"container\" data-e-type=\"container\">\n\t\t\t\t\t<div class=\"e-con-inner\">\n\t\t<div class=\"elementor-element elementor-element-fd4b0bb e-con-full e-flex e-con e-child\" data-id=\"fd4b0bb\" data-element_type=\"container\" data-e-type=\"container\">\n\t\t<div class=\"elementor-element elementor-element-7def9d7 e-con-full e-flex e-con e-child\" data-id=\"7def9d7\" data-element_type=\"container\" data-e-type=\"container\" data-settings=\"{&quot;background_background&quot;:&quot;classic&quot;}\">\n\t\t\t\t<div class=\"elementor-element elementor-element-a62f4b7 elementor-view-stacked elementor-shape-square elementor-widget elementor-widget-icon\" data-id=\"a62f4b7\" data-element_type=\"widget\" data-e-type=\"widget\" data-widget_type=\"icon.default\">\n\t\t\t\t<div class=\"elementor-widget-container\">\n\t\t\t\t\t\t\t<div class=\"elementor-icon-wrapper\">\n\t\t\t<div class=\"elementor-icon\">\n\t\t\t<i aria-hidden=\"true\" class=\"icon icon-phone-call1\"><\/i>\t\t\t<\/div>\n\t\t<\/div>\n\t\t\t\t\t\t<\/div>\n\t\t\t\t<\/div>\n\t\t\t\t<div class=\"elementor-element elementor-element-47aeb55 elementor-widget elementor-widget-elementskit-heading\" data-id=\"47aeb55\" data-element_type=\"widget\" data-e-type=\"widget\" data-widget_type=\"elementskit-heading.default\">\n\t\t\t\t<div class=\"elementor-widget-container\">\n\t\t\t\t\t<div class=\"ekit-wid-con\" ><div class=\"ekit-heading elementskit-section-title-wraper text_center   ekit_heading_tablet-   ekit_heading_mobile-\"><h2 class=\"ekit-heading--title elementskit-section-title\">Tel\u00e9fono<\/h2>\t\t\t\t<div class='ekit-heading__description'>\n\t\t\t\t\t<p>8841-3235 | 8337-7652<\/p>\n\t\t\t\t<\/div>\n\t\t\t<\/div><\/div>\t\t\t\t<\/div>\n\t\t\t\t<\/div>\n\t\t\t\t<\/div>\n\t\t<div class=\"elementor-element elementor-element-e3f8e63 e-con-full e-flex e-con e-child\" data-id=\"e3f8e63\" data-element_type=\"container\" data-e-type=\"container\" data-settings=\"{&quot;background_background&quot;:&quot;classic&quot;}\">\n\t\t\t\t<div class=\"elementor-element elementor-element-fc77b0a elementor-view-stacked elementor-shape-square elementor-widget elementor-widget-icon\" data-id=\"fc77b0a\" data-element_type=\"widget\" data-e-type=\"widget\" data-widget_type=\"icon.default\">\n\t\t\t\t<div class=\"elementor-widget-container\">\n\t\t\t\t\t\t\t<div class=\"elementor-icon-wrapper\">\n\t\t\t<div class=\"elementor-icon\">\n\t\t\t<i aria-hidden=\"true\" class=\"icon icon-email1\"><\/i>\t\t\t<\/div>\n\t\t<\/div>\n\t\t\t\t\t\t<\/div>\n\t\t\t\t<\/div>\n\t\t\t\t<div class=\"elementor-element elementor-element-00a4623 elementor-widget elementor-widget-elementskit-heading\" data-id=\"00a4623\" data-element_type=\"widget\" data-e-type=\"widget\" data-widget_type=\"elementskit-heading.default\">\n\t\t\t\t<div class=\"elementor-widget-container\">\n\t\t\t\t\t<div class=\"ekit-wid-con\" ><div class=\"ekit-heading elementskit-section-title-wraper text_center   ekit_heading_tablet-   ekit_heading_mobile-\"><h2 class=\"ekit-heading--title elementskit-section-title\">Email<\/h2>\t\t\t\t<div class='ekit-heading__description'>\n\t\t\t\t\t<p>info@dentalcliniquecr.com<\/p>\n\t\t\t\t<\/div>\n\t\t\t<\/div><\/div>\t\t\t\t<\/div>\n\t\t\t\t<\/div>\n\t\t\t\t<\/div>\n\t\t<div class=\"elementor-element elementor-element-da07c62 e-con-full e-flex e-con e-child\" data-id=\"da07c62\" data-element_type=\"container\" data-e-type=\"container\" data-settings=\"{&quot;background_background&quot;:&quot;classic&quot;}\">\n\t\t\t\t<div class=\"elementor-element elementor-element-70787c9 elementor-view-stacked elementor-shape-square elementor-widget elementor-widget-icon\" data-id=\"70787c9\" data-element_type=\"widget\" data-e-type=\"widget\" data-widget_type=\"icon.default\">\n\t\t\t\t<div class=\"elementor-widget-container\">\n\t\t\t\t\t\t\t<div class=\"elementor-icon-wrapper\">\n\t\t\t<div class=\"elementor-icon\">\n\t\t\t<i aria-hidden=\"true\" class=\"icon icon-map-marker1\"><\/i>\t\t\t<\/div>\n\t\t<\/div>\n\t\t\t\t\t\t<\/div>\n\t\t\t\t<\/div>\n\t\t\t\t<div class=\"elementor-element elementor-element-d4f176f elementor-widget elementor-widget-elementskit-heading\" data-id=\"d4f176f\" data-element_type=\"widget\" data-e-type=\"widget\" data-widget_type=\"elementskit-heading.default\">\n\t\t\t\t<div class=\"elementor-widget-container\">\n\t\t\t\t\t<div class=\"ekit-wid-con\" ><div class=\"ekit-heading elementskit-section-title-wraper text_center   ekit_heading_tablet-   ekit_heading_mobile-\"><h2 class=\"ekit-heading--title elementskit-section-title\">Direcci\u00f3n<\/h2>\t\t\t\t<div class='ekit-heading__description'>\n\t\t\t\t\t<p>Plaza Etreus, Rohrmoser, contiguo al Banco General.<\/p>\n\t\t\t\t<\/div>\n\t\t\t<\/div><\/div>\t\t\t\t<\/div>\n\t\t\t\t<\/div>\n\t\t\t\t<\/div>\n\t\t\t\t<\/div>\n\t\t<div class=\"elementor-element elementor-element-2f89a70 e-flex e-con-boxed e-con e-child\" data-id=\"2f89a70\" data-element_type=\"container\" data-e-type=\"container\">\n\t\t\t\t\t<div class=\"e-con-inner\">\n\t\t<div class=\"elementor-element elementor-element-242bb36 e-flex e-con-boxed e-con e-child\" data-id=\"242bb36\" data-element_type=\"container\" data-e-type=\"container\">\n\t\t\t\t\t<div class=\"e-con-inner\">\n\t\t\t\t<div class=\"elementor-element elementor-element-0becf2d elementor-widget elementor-widget-elementskit-heading\" data-id=\"0becf2d\" data-element_type=\"widget\" data-e-type=\"widget\" data-widget_type=\"elementskit-heading.default\">\n\t\t\t\t<div class=\"elementor-widget-container\">\n\t\t\t\t\t<div class=\"ekit-wid-con\" ><div class=\"ekit-heading elementskit-section-title-wraper text_left   ekit_heading_tablet-text_center   ekit_heading_mobile-text_center\"><h3 class=\"elementskit-section-subtitle  elementskit-style-border\">\n\t\t\t\t\t\tCont\u00e1ctame\n\t\t\t\t\t<\/h3><h2 class=\"ekit-heading--title elementskit-section-title\">Tu cl\u00ednica de confianza en el coraz\u00f3n de <span><span>San Jos\u00e9 !<\/span><\/span><\/h2>\t\t\t\t<div class='ekit-heading__description'>\n\t\t\t\t\t<p>Una cl\u00ednica moderna, c\u00f3moda y de f\u00e1cil acceso. Perfecta para pacientes locales e internacionales que buscan calidad, calidez y profesionalismo en un solo lugar.<\/p>\n\t\t\t\t<\/div>\n\t\t\t<\/div><\/div>\t\t\t\t<\/div>\n\t\t\t\t<\/div>\n\t\t<div class=\"elementor-element elementor-element-c9ce983 e-flex e-con-boxed e-con e-child\" data-id=\"c9ce983\" data-element_type=\"container\" data-e-type=\"container\" data-settings=\"{&quot;background_background&quot;:&quot;classic&quot;}\">\n\t\t\t\t\t<div class=\"e-con-inner\">\n\t\t\t\t<div class=\"elementor-element elementor-element-4695e26 elementor-widget elementor-widget-spacer\" data-id=\"4695e26\" data-element_type=\"widget\" data-e-type=\"widget\" data-widget_type=\"spacer.default\">\n\t\t\t\t<div class=\"elementor-widget-container\">\n\t\t\t\t\t\t\t<div class=\"elementor-spacer\">\n\t\t\t<div class=\"elementor-spacer-inner\"><\/div>\n\t\t<\/div>\n\t\t\t\t\t\t<\/div>\n\t\t\t\t<\/div>\n\t\t\t\t<div class=\"elementor-element elementor-element-41c5ca4 elementor-widget elementor-widget-spacer\" data-id=\"41c5ca4\" data-element_type=\"widget\" data-e-type=\"widget\" data-widget_type=\"spacer.default\">\n\t\t\t\t<div class=\"elementor-widget-container\">\n\t\t\t\t\t\t\t<div class=\"elementor-spacer\">\n\t\t\t<div class=\"elementor-spacer-inner\"><\/div>\n\t\t<\/div>\n\t\t\t\t\t\t<\/div>\n\t\t\t\t<\/div>\n\t\t\t\t\t<\/div>\n\t\t\t\t<\/div>\n\t\t\t\t\t<\/div>\n\t\t\t\t<\/div>\n\t\t<div class=\"elementor-element elementor-element-9985fad e-flex e-con-boxed e-con e-child\" data-id=\"9985fad\" data-element_type=\"container\" data-e-type=\"container\">\n\t\t\t\t\t<div class=\"e-con-inner\">\n\t\t<div class=\"elementor-element elementor-element-df728ea e-flex e-con-boxed e-con e-child\" data-id=\"df728ea\" data-element_type=\"container\" data-e-type=\"container\">\n\t\t\t\t\t<div class=\"e-con-inner\">\n\t\t\t\t<div class=\"elementor-element elementor-element-e3c1361 elementor-widget elementor-widget-bew-elements-contact-form-7\" data-id=\"e3c1361\" data-element_type=\"widget\" data-e-type=\"widget\" data-widget_type=\"bew-elements-contact-form-7.default\">\n\t\t\t\t<div class=\"elementor-widget-container\">\n\t\t\t\t\t\t\t\t<section class=\"bew-elements-widgets bew-elements-contact-forms bew-hide-label\">\n\t\t\t\t\n<div class=\"wpcf7 no-js\" id=\"wpcf7-f1462-o1\" lang=\"en-US\" dir=\"ltr\" data-wpcf7-id=\"1462\">\n<div class=\"screen-reader-response\"><p role=\"status\" aria-live=\"polite\" aria-atomic=\"true\"><\/p> <ul><\/ul><\/div>\n<form action=\"\/es\/wp-json\/wp\/v2\/pages\/1476#wpcf7-f1462-o1\" method=\"post\" class=\"wpcf7-form init\" aria-label=\"Contact form\" novalidate=\"novalidate\" data-status=\"init\" data-trp-original-action=\"\/es\/wp-json\/wp\/v2\/pages\/1476#wpcf7-f1462-o1\">\n<fieldset class=\"hidden-fields-container\"><input type=\"hidden\" name=\"_wpcf7\" value=\"1462\" \/><input type=\"hidden\" name=\"_wpcf7_version\" value=\"6.1.5\" \/><input type=\"hidden\" name=\"_wpcf7_locale\" value=\"en_US\" \/><input type=\"hidden\" name=\"_wpcf7_unit_tag\" value=\"wpcf7-f1462-o1\" \/><input type=\"hidden\" name=\"_wpcf7_container_post\" value=\"0\" \/><input type=\"hidden\" name=\"_wpcf7_posted_data_hash\" value=\"\" \/>\n<\/fieldset>\n<p><span class=\"wpcf7-form-control-wrap\" data-name=\"your-name\"><input size=\"40\" maxlength=\"400\" class=\"wpcf7-form-control wpcf7-text wpcf7-validates-as-required\" aria-required=\"true\" aria-invalid=\"false\" value=\"Your Name...\" type=\"text\" name=\"your-name\" \/><\/span>\n<\/p>\n<p><span class=\"wpcf7-form-control-wrap\" data-name=\"your-email\"><input size=\"40\" maxlength=\"400\" class=\"wpcf7-form-control wpcf7-email wpcf7-validates-as-required wpcf7-text wpcf7-validates-as-email\" aria-required=\"true\" aria-invalid=\"false\" value=\"Your Email...\" type=\"email\" name=\"your-email\" \/><\/span>\n<\/p>\n<p><span class=\"wpcf7-form-control-wrap\" data-name=\"your-subject\"><input size=\"40\" maxlength=\"400\" class=\"wpcf7-form-control wpcf7-text wpcf7-validates-as-required\" aria-required=\"true\" aria-invalid=\"false\" value=\"Your Subject...\" type=\"text\" name=\"your-subject\" \/><\/span>\n<\/p>\n<p><span class=\"wpcf7-form-control-wrap\" data-name=\"your-message\"><textarea cols=\"40\" rows=\"10\" maxlength=\"2000\" class=\"wpcf7-form-control wpcf7-textarea\" aria-invalid=\"false\" name=\"your-message\">Your Message (Optional)<\/textarea><\/span>\n<\/p>\n<p><input class=\"wpcf7-form-control wpcf7-submit has-spinner\" type=\"submit\" value=\"Enviar Mensaje\" \/>\n<\/p><div class=\"wpcf7-response-output\" aria-hidden=\"true\"><\/div>\n<input type=\"hidden\" name=\"trp-form-language\" value=\"es\"\/><\/form>\n<\/div>\n\t    \t<\/section>\n\t\t\t\t\t\t<\/div>\n\t\t\t\t<\/div>\n\t\t\t\t\t<\/div>\n\t\t\t\t<\/div>\n\t\t\t\t\t<\/div>\n\t\t\t\t<\/div>\n\t\t\t\t\t<\/div>\n\t\t\t\t<\/div>\n\t\t\t\t\t<\/div>\n\t\t\t\t<\/div>\n\t\t\t\t<\/div>\n\t\t\n    <div class=\"xs_social_share_widget xs_share_url after_content \t\tmain_content  wslu-style-1 wslu-share-box-shaped wslu-fill-colored wslu-none wslu-share-horizontal wslu-theme-font-no wslu-main_content\">\n\n\t\t\n        <ul>\n\t\t\t        <\/ul>\n    <\/div>","protected":false},"excerpt":{"rendered":"<p>Contact Me Phone Number 8841-3235 | 8337-7652 Email Address info@dentalcliniquecr.com Office Location Plaza Etreus, Rohrmoser, contiguo al Banco General. Reach ME Your trusted clinic in the heart of San Jos\u00e9 ! A modern, comfortable clinic with easy access. Perfect for local and international patients seeking quality, warmth, and professionalism all in one place. Your Message (Optional)<\/p>","protected":false},"author":1,"featured_media":0,"parent":0,"menu_order":0,"comment_status":"closed","ping_status":"closed","template":"elementor_header_footer","meta":{"_uag_custom_page_level_css":"","postBodyCss":"","postBodyMargin":[],"postBodyPadding":[],"postBodyBackground":{"backgroundType":"classic","gradient":""},"_themeisle_gutenberg_block_has_review":false,"footnotes":""},"class_list":["post-1476","page","type-page","status-publish","hentry"],"yoast_head":"<!-- This site is optimized with the Yoast SEO plugin v27.1.1 - https:\/\/yoast.com\/product\/yoast-seo-wordpress\/ -->\n<title>Contact Me - Dental Clinique | Healthcare &amp; Implants<\/title>\n<meta name=\"robots\" content=\"index, follow, max-snippet:-1, max-image-preview:large, max-video-preview:-1\" \/>\n<link rel=\"canonical\" href=\"https:\/\/dentalcliniquecr.com\/es\/contact-me\/\" \/>\n<meta property=\"og:locale\" content=\"es_ES\" \/>\n<meta property=\"og:type\" content=\"article\" \/>\n<meta property=\"og:title\" content=\"Contact Me - Dental Clinique | Healthcare &amp; Implants\" \/>\n<meta property=\"og:description\" content=\"Contact Me Phone Number 8841-3235 | 8337-7652 Email Address info@dentalcliniquecr.com Office Location Plaza Etreus, Rohrmoser, contiguo al Banco General. Reach ME Your trusted clinic in the heart of San Jos\u00e9 ! A modern, comfortable clinic with easy access. Perfect for local and international patients seeking quality, warmth, and professionalism all in one place. Your Message (Optional)\" \/>\n<meta property=\"og:url\" content=\"https:\/\/dentalcliniquecr.com\/es\/contact-me\/\" \/>\n<meta property=\"og:site_name\" content=\"Dental Clinique | Healthcare &amp; Implants\" \/>\n<meta property=\"article:modified_time\" content=\"2025-09-10T17:39:36+00:00\" \/>\n<meta name=\"twitter:card\" content=\"summary_large_image\" \/>\n<meta name=\"twitter:label1\" content=\"Est. reading time\" \/>\n\t<meta name=\"twitter:data1\" content=\"1 minuto\" \/>\n<script type=\"application\/ld+json\" class=\"yoast-schema-graph\">{\"@context\":\"https:\/\/schema.org\",\"@graph\":[{\"@type\":\"WebPage\",\"@id\":\"https:\/\/dentalcliniquecr.com\/contact-me\/\",\"url\":\"https:\/\/dentalcliniquecr.com\/contact-me\/\",\"name\":\"Contact Me - Dental Clinique | Healthcare &amp; Implants\",\"isPartOf\":{\"@id\":\"https:\/\/dentalcliniquecr.com\/#website\"},\"datePublished\":\"2024-04-15T07:18:57+00:00\",\"dateModified\":\"2025-09-10T17:39:36+00:00\",\"breadcrumb\":{\"@id\":\"https:\/\/dentalcliniquecr.com\/contact-me\/#breadcrumb\"},\"inLanguage\":\"es-CR\",\"potentialAction\":[{\"@type\":\"ReadAction\",\"target\":[\"https:\/\/dentalcliniquecr.com\/contact-me\/\"]}]},{\"@type\":\"BreadcrumbList\",\"@id\":\"https:\/\/dentalcliniquecr.com\/contact-me\/#breadcrumb\",\"itemListElement\":[{\"@type\":\"ListItem\",\"position\":1,\"name\":\"Portada\",\"item\":\"https:\/\/dentalcliniquecr.com\/\"},{\"@type\":\"ListItem\",\"position\":2,\"name\":\"Contact Me\"}]},{\"@type\":\"WebSite\",\"@id\":\"https:\/\/dentalcliniquecr.com\/#website\",\"url\":\"https:\/\/dentalcliniquecr.com\/\",\"name\":\"Dental Clinique | Healthcare &amp; Implants\",\"description\":\"\",\"publisher\":{\"@id\":\"https:\/\/dentalcliniquecr.com\/#organization\"},\"potentialAction\":[{\"@type\":\"SearchAction\",\"target\":{\"@type\":\"EntryPoint\",\"urlTemplate\":\"https:\/\/dentalcliniquecr.com\/?s={search_term_string}\"},\"query-input\":{\"@type\":\"PropertyValueSpecification\",\"valueRequired\":true,\"valueName\":\"search_term_string\"}}],\"inLanguage\":\"es-CR\"},{\"@type\":\"Organization\",\"@id\":\"https:\/\/dentalcliniquecr.com\/#organization\",\"name\":\"Dental Clinique | Healthcare &amp; Implants\",\"url\":\"https:\/\/dentalcliniquecr.com\/\",\"logo\":{\"@type\":\"ImageObject\",\"inLanguage\":\"es-CR\",\"@id\":\"https:\/\/dentalcliniquecr.com\/#\/schema\/logo\/image\/\",\"url\":\"https:\/\/dentalcliniquecr.com\/wp-content\/uploads\/2025\/05\/cropped-LOGO-SIN-ISOLOGO-2.png\",\"contentUrl\":\"https:\/\/dentalcliniquecr.com\/wp-content\/uploads\/2025\/05\/cropped-LOGO-SIN-ISOLOGO-2.png\",\"width\":240,\"height\":134,\"caption\":\"Dental Clinique | Healthcare &amp; Implants\"},\"image\":{\"@id\":\"https:\/\/dentalcliniquecr.com\/#\/schema\/logo\/image\/\"}}]}<\/script>\n<!-- \/ Yoast SEO plugin. -->","yoast_head_json":{"title":"Contact Me - Dental Clinique | Healthcare &amp; Implants","robots":{"index":"index","follow":"follow","max-snippet":"max-snippet:-1","max-image-preview":"max-image-preview:large","max-video-preview":"max-video-preview:-1"},"canonical":"https:\/\/dentalcliniquecr.com\/es\/contact-me\/","og_locale":"es_ES","og_type":"article","og_title":"Contact Me - Dental Clinique | Healthcare &amp; Implants","og_description":"Contact Me Phone Number 8841-3235 | 8337-7652 Email Address info@dentalcliniquecr.com Office Location Plaza Etreus, Rohrmoser, contiguo al Banco General. Reach ME Your trusted clinic in the heart of San Jos\u00e9 ! A modern, comfortable clinic with easy access. Perfect for local and international patients seeking quality, warmth, and professionalism all in one place. Your Message (Optional)","og_url":"https:\/\/dentalcliniquecr.com\/es\/contact-me\/","og_site_name":"Dental Clinique | Healthcare &amp; Implants","article_modified_time":"2025-09-10T17:39:36+00:00","twitter_card":"summary_large_image","twitter_misc":{"Est. reading time":"1 minuto"},"schema":{"@context":"https:\/\/schema.org","@graph":[{"@type":"WebPage","@id":"https:\/\/dentalcliniquecr.com\/contact-me\/","url":"https:\/\/dentalcliniquecr.com\/contact-me\/","name":"Contact Me - Dental Clinique | Healthcare &amp; Implants","isPartOf":{"@id":"https:\/\/dentalcliniquecr.com\/#website"},"datePublished":"2024-04-15T07:18:57+00:00","dateModified":"2025-09-10T17:39:36+00:00","breadcrumb":{"@id":"https:\/\/dentalcliniquecr.com\/contact-me\/#breadcrumb"},"inLanguage":"es-CR","potentialAction":[{"@type":"ReadAction","target":["https:\/\/dentalcliniquecr.com\/contact-me\/"]}]},{"@type":"BreadcrumbList","@id":"https:\/\/dentalcliniquecr.com\/contact-me\/#breadcrumb","itemListElement":[{"@type":"ListItem","position":1,"name":"Portada","item":"https:\/\/dentalcliniquecr.com\/"},{"@type":"ListItem","position":2,"name":"Contact Me"}]},{"@type":"WebSite","@id":"https:\/\/dentalcliniquecr.com\/#website","url":"https:\/\/dentalcliniquecr.com\/","name":"Dental Clinique | Healthcare &amp; Implants","description":"","publisher":{"@id":"https:\/\/dentalcliniquecr.com\/#organization"},"potentialAction":[{"@type":"SearchAction","target":{"@type":"EntryPoint","urlTemplate":"https:\/\/dentalcliniquecr.com\/?s={search_term_string}"},"query-input":{"@type":"PropertyValueSpecification","valueRequired":true,"valueName":"search_term_string"}}],"inLanguage":"es-CR"},{"@type":"Organization","@id":"https:\/\/dentalcliniquecr.com\/#organization","name":"Dental Clinique | Healthcare &amp; Implants","url":"https:\/\/dentalcliniquecr.com\/","logo":{"@type":"ImageObject","inLanguage":"es-CR","@id":"https:\/\/dentalcliniquecr.com\/#\/schema\/logo\/image\/","url":"https:\/\/dentalcliniquecr.com\/wp-content\/uploads\/2025\/05\/cropped-LOGO-SIN-ISOLOGO-2.png","contentUrl":"https:\/\/dentalcliniquecr.com\/wp-content\/uploads\/2025\/05\/cropped-LOGO-SIN-ISOLOGO-2.png","width":240,"height":134,"caption":"Dental Clinique | Healthcare &amp; Implants"},"image":{"@id":"https:\/\/dentalcliniquecr.com\/#\/schema\/logo\/image\/"}}]}},"uagb_featured_image_src":{"full":false,"thumbnail":false,"medium":false,"medium_large":false,"large":false,"1536x1536":false,"2048x2048":false,"trp-custom-language-flag":false,"bosa-1920-550":false,"bosa-1370-550":false,"bosa-730-90":false,"bosa-590-310":false,"bosa-420-380":false,"bosa-420-300":false,"bosa-420-200":false,"bosa-290-150":false,"bosa-80-60":false,"woocommerce_thumbnail":false,"woocommerce_single":false,"woocommerce_gallery_thumbnail":false},"uagb_author_info":{"display_name":"maglinolivero@gmail.com","author_link":"https:\/\/dentalcliniquecr.com\/es\/author\/maglinoliverogmail-com\/"},"uagb_comment_info":0,"uagb_excerpt":"Contact Me Phone Number 8841-3235 | 8337-7652 Email Address info@dentalcliniquecr.com Office Location Plaza Etreus, Rohrmoser, contiguo al Banco General. Reach ME Your trusted clinic in the heart of San Jos\u00e9 ! A modern, comfortable clinic with easy access. Perfect for local and international patients seeking quality, warmth, and professionalism all in one place. Your Message&hellip;","_links":{"self":[{"href":"https:\/\/dentalcliniquecr.com\/es\/wp-json\/wp\/v2\/pages\/1476","targetHints":{"allow":["GET"]}}],"collection":[{"href":"https:\/\/dentalcliniquecr.com\/es\/wp-json\/wp\/v2\/pages"}],"about":[{"href":"https:\/\/dentalcliniquecr.com\/es\/wp-json\/wp\/v2\/types\/page"}],"author":[{"embeddable":true,"href":"https:\/\/dentalcliniquecr.com\/es\/wp-json\/wp\/v2\/users\/1"}],"replies":[{"embeddable":true,"href":"https:\/\/dentalcliniquecr.com\/es\/wp-json\/wp\/v2\/comments?post=1476"}],"version-history":[{"count":10,"href":"https:\/\/dentalcliniquecr.com\/es\/wp-json\/wp\/v2\/pages\/1476\/revisions"}],"predecessor-version":[{"id":1747,"href":"https:\/\/dentalcliniquecr.com\/es\/wp-json\/wp\/v2\/pages\/1476\/revisions\/1747"}],"wp:attachment":[{"href":"https:\/\/dentalcliniquecr.com\/es\/wp-json\/wp\/v2\/media?parent=1476"}],"curies":[{"name":"wp","href":"https:\/\/api.w.org\/{rel}","templated":true}]}}