{"id":1478,"date":"2024-04-11T10:38:34","date_gmt":"2024-04-11T10:38:34","guid":{"rendered":"https:\/\/demo.bosathemes.com\/bosa\/portfolio-resume\/?page_id=863"},"modified":"2026-02-19T19:27:07","modified_gmt":"2026-02-19T19:27:07","slug":"about-me","status":"publish","type":"page","link":"https:\/\/dentalcliniquecr.com\/es\/about-me\/","title":{"rendered":"Nosotros"},"content":{"rendered":"<div data-elementor-type=\"wp-page\" data-elementor-id=\"1478\" class=\"elementor elementor-1478\">\n\t\t\t\t<div class=\"elementor-element elementor-element-5ae147e e-flex e-con-boxed e-con e-parent\" data-id=\"5ae147e\" data-element_type=\"container\" data-e-type=\"container\" data-settings=\"{&quot;background_background&quot;:&quot;classic&quot;}\">\n\t\t\t\t\t<div class=\"e-con-inner\">\n\t\t<div class=\"elementor-element elementor-element-8c3d759 e-flex e-con-boxed e-con e-child\" data-id=\"8c3d759\" data-element_type=\"container\" data-e-type=\"container\">\n\t\t\t\t\t<div class=\"e-con-inner\">\n\t\t\t\t<div class=\"elementor-element elementor-element-9d2ec84 elementor-widget elementor-widget-elementskit-heading\" data-id=\"9d2ec84\" data-element_type=\"widget\" data-e-type=\"widget\" data-widget_type=\"elementskit-heading.default\">\n\t\t\t\t<div class=\"elementor-widget-container\">\n\t\t\t\t\t<div class=\"ekit-wid-con\" ><div class=\"ekit-heading elementskit-section-title-wraper text_center   ekit_heading_tablet-   ekit_heading_mobile-\"><h2 class=\"ekit-heading--title elementskit-section-title translation-block\">Acerca de Nosotras<\/h2><\/div><\/div>\t\t\t\t<\/div>\n\t\t\t\t<\/div>\n\t\t\t\t\t<\/div>\n\t\t\t\t<\/div>\n\t\t\t\t\t<\/div>\n\t\t\t\t<\/div>\n\t\t<div class=\"elementor-element elementor-element-881e91e e-flex e-con-boxed e-con e-parent\" data-id=\"881e91e\" data-element_type=\"container\" data-e-type=\"container\">\n\t\t\t\t\t<div class=\"e-con-inner\">\n\t\t<div class=\"elementor-element elementor-element-863901b e-con-full e-flex e-con e-child\" data-id=\"863901b\" data-element_type=\"container\" data-e-type=\"container\">\n\t\t\t\t<div class=\"elementor-element elementor-element-895c71a elementor-widget elementor-widget-image\" data-id=\"895c71a\" data-element_type=\"widget\" data-e-type=\"widget\" data-widget_type=\"image.default\">\n\t\t\t\t<div class=\"elementor-widget-container\">\n\t\t\t\t\t\t\t\t\t\t\t\t\t\t\t<img fetchpriority=\"high\" decoding=\"async\" width=\"534\" height=\"800\" src=\"https:\/\/dentalcliniquecr.com\/wp-content\/uploads\/2025\/09\/doctoras_dental_clinique.webp\" class=\"attachment-full size-full wp-image-1670\" alt=\"\" srcset=\"https:\/\/dentalcliniquecr.com\/wp-content\/uploads\/2025\/09\/doctoras_dental_clinique.webp 534w, https:\/\/dentalcliniquecr.com\/wp-content\/uploads\/2025\/09\/doctoras_dental_clinique-200x300.webp 200w\" sizes=\"(max-width: 534px) 100vw, 534px\" \/>\t\t\t\t\t\t\t\t\t\t\t\t\t\t\t<\/div>\n\t\t\t\t<\/div>\n\t\t\t\t<\/div>\n\t\t<div class=\"elementor-element elementor-element-4a7ca28 e-con-full e-flex e-con e-child\" data-id=\"4a7ca28\" data-element_type=\"container\" data-e-type=\"container\">\n\t\t<div class=\"elementor-element elementor-element-de53d02 e-con-full e-flex e-con e-child\" data-id=\"de53d02\" data-element_type=\"container\" data-e-type=\"container\">\n\t\t\t\t<div class=\"elementor-element elementor-element-98bb8ce elementor-widget__width-initial elementor-widget elementor-widget-elementskit-heading\" data-id=\"98bb8ce\" data-element_type=\"widget\" data-e-type=\"widget\" data-widget_type=\"elementskit-heading.default\">\n\t\t\t\t<div class=\"elementor-widget-container\">\n\t\t\t\t\t<div class=\"ekit-wid-con\" ><div class=\"ekit-heading elementskit-section-title-wraper text_left   ekit_heading_tablet-text_center   ekit_heading_mobile-text_center\"><h3 class=\"elementskit-section-subtitle  elementskit-style-border\">\n\t\t\t\t\t\tM\u00e1s sobre nosotras\n\t\t\t\t\t<\/h3><h2 class=\"ekit-heading--title elementskit-section-title\">Dras. Ana <span>T\u00e9llez<\/span> y Laura <span>Segura<\/span><\/h2><\/div><\/div>\t\t\t\t<\/div>\n\t\t\t\t<\/div>\n\t\t\t\t<\/div>\n\t\t<div class=\"elementor-element elementor-element-218d416 e-con-full e-flex e-con e-child\" data-id=\"218d416\" data-element_type=\"container\" data-e-type=\"container\">\n\t\t\t\t<div class=\"elementor-element elementor-element-d63bb94 elementor-widget elementor-widget-text-editor\" data-id=\"d63bb94\" data-element_type=\"widget\" data-e-type=\"widget\" data-widget_type=\"text-editor.default\">\n\t\t\t\t<div class=\"elementor-widget-container\">\n\t\t\t\t\t\t\t\t\t<p data-start=\"87\" data-end=\"270\"><strong data-start=\"87\" data-end=\"268\">Dentistas especializadass en est\u00e9tica dental, apasionados por transformar sonrisas y crear experiencias positivas. Conozca m\u00e1s sobre nuestro enfoque profesional y humano.<\/strong><\/p><p data-start=\"272\" data-end=\"582\"><strong data-start=\"272\" data-end=\"323\">Pasi\u00f3n por la odontolog\u00eda, compromiso con tu sonrisa<\/strong><br data-start=\"323\" data-end=\"326\" \/>Nosotras <strong>Dr. Ana T\u00e9llez<\/strong> y <strong>Dr. Laura Segura<\/strong>, dentistas comprometidas con brindar atenci\u00f3n personalizada, \u00e9tica y de alta calidad. Creemos que la salud bucal va m\u00e1s all\u00e1 de la funci\u00f3n: una sonrisa saludable transforma tu autoestima, tu bienestar y tu calidad de vida.<\/p><p data-start=\"584\" data-end=\"784\">Nuestra experiencia en odontolog\u00eda integral, combinada con una formaci\u00f3n especializada en est\u00e9tica dental y dise\u00f1o de sonrisa, nos permite ofrecer tratamientos personalizados que equilibran funcionalidad y belleza.<\/p><p data-start=\"786\" data-end=\"1086\">Abordamos cada caso con dedicaci\u00f3n y atenci\u00f3n al detalle, guiados por los m\u00e1s altos est\u00e1ndares profesionales y una actitud cercana y atenta que genera confianza. Nos apasiona ver c\u00f3mo, a trav\u00e9s de nuestro trabajo, nuestros pacientes recuperan su sonrisa y se sienten seguros de mostrarse tal como son.<\/p>\t\t\t\t\t\t\t\t<\/div>\n\t\t\t\t<\/div>\n\t\t\t\t<div class=\"elementor-element elementor-element-2e17aa3 elementor-widget elementor-widget-elementskit-heading\" data-id=\"2e17aa3\" data-element_type=\"widget\" data-e-type=\"widget\" data-widget_type=\"elementskit-heading.default\">\n\t\t\t\t<div class=\"elementor-widget-container\">\n\t\t\t\t\t<div class=\"ekit-wid-con\" ><div class=\"ekit-heading elementskit-section-title-wraper text_center   ekit_heading_tablet-   ekit_heading_mobile-\"><h2 class=\"ekit-heading--title elementskit-section-title\">Esperamos darle la bienvenida <span><span>En Dental Clinique<\/span><\/span> para acompa\u00f1arlo en su viaje hacia una sonrisa m\u00e1s saludable, m\u00e1s natural y m\u00e1s feliz.<\/h2><\/div><\/div>\t\t\t\t<\/div>\n\t\t\t\t<\/div>\n\t\t\t\t<\/div>\n\t\t\t\t<\/div>\n\t\t\t\t\t<\/div>\n\t\t\t\t<\/div>\n\t\t\t\t<\/div>\n\t\t\n    <div class=\"xs_social_share_widget xs_share_url after_content \t\tmain_content  wslu-style-1 wslu-share-box-shaped wslu-fill-colored wslu-none wslu-share-horizontal wslu-theme-font-no wslu-main_content\">\n\n\t\t\n        <ul>\n\t\t\t        <\/ul>\n    <\/div>","protected":false},"excerpt":{"rendered":"<p>About Me ABOUT ME Dras. Ana T\u00e9llez y Laura Segura Specialized dentists in dental aesthetics, passionate about transforming smiles and creating positive experiences. Learn more about our professional and human-centered approach. Passion for dentistry, commitment to your smileWe are Dr. Ana T\u00e9llez and Dr. Laura Segura, dentists committed to providing personalized, ethical, and high-quality care. We believe oral health goes [&hellip;]<\/p>\n","protected":false},"author":1,"featured_media":0,"parent":0,"menu_order":0,"comment_status":"closed","ping_status":"closed","template":"elementor_header_footer","meta":{"_uag_custom_page_level_css":"","postBodyCss":"","postBodyMargin":[],"postBodyPadding":[],"postBodyBackground":{"backgroundType":"classic","gradient":""},"_themeisle_gutenberg_block_has_review":false,"footnotes":""},"class_list":["post-1478","page","type-page","status-publish","hentry"],"yoast_head":"<!-- This site is optimized with the Yoast SEO plugin v27.1.1 - https:\/\/yoast.com\/product\/yoast-seo-wordpress\/ -->\n<title>About Me - Dental Clinique | Healthcare &amp; Implants<\/title>\n<meta name=\"description\" content=\"Dental Clinique in San Jos\u00e9, specialists in cosmetic dentistry and smile design. Personalized care to restore your confidence and smile.\" \/>\n<meta name=\"robots\" content=\"index, follow, max-snippet:-1, max-image-preview:large, max-video-preview:-1\" \/>\n<link rel=\"canonical\" href=\"https:\/\/dentalcliniquecr.com\/es\/about-me\/\" \/>\n<meta property=\"og:locale\" content=\"es_ES\" \/>\n<meta property=\"og:type\" content=\"article\" \/>\n<meta property=\"og:title\" content=\"Dental Clinique\" \/>\n<meta property=\"og:description\" content=\"Dental Clinique in San Jos\u00e9, specialists in cosmetic dentistry and smile design. Personalized care to restore your confidence and smile.\" \/>\n<meta property=\"og:url\" content=\"https:\/\/dentalcliniquecr.com\/es\/about-me\/\" \/>\n<meta property=\"og:site_name\" content=\"Dental Clinique | Healthcare &amp; Implants\" \/>\n<meta property=\"article:modified_time\" content=\"2026-02-19T19:27:07+00:00\" \/>\n<meta property=\"og:image\" content=\"https:\/\/dentalcliniquecr.com\/wp-content\/uploads\/2025\/05\/LOGO-SIN-ISOLOGO.png\" \/>\n\t<meta property=\"og:image:width\" content=\"1586\" \/>\n\t<meta property=\"og:image:height\" content=\"886\" \/>\n\t<meta property=\"og:image:type\" content=\"image\/png\" \/>\n<meta name=\"twitter:card\" content=\"summary_large_image\" \/>\n<meta name=\"twitter:label1\" content=\"Est. reading time\" \/>\n\t<meta name=\"twitter:data1\" content=\"1 minuto\" \/>\n<script type=\"application\/ld+json\" class=\"yoast-schema-graph\">{\"@context\":\"https:\/\/schema.org\",\"@graph\":[{\"@type\":\"WebPage\",\"@id\":\"https:\/\/dentalcliniquecr.com\/about-me\/\",\"url\":\"https:\/\/dentalcliniquecr.com\/about-me\/\",\"name\":\"About Me - Dental Clinique | Healthcare &amp; Implants\",\"isPartOf\":{\"@id\":\"https:\/\/dentalcliniquecr.com\/#website\"},\"primaryImageOfPage\":{\"@id\":\"https:\/\/dentalcliniquecr.com\/about-me\/#primaryimage\"},\"image\":{\"@id\":\"https:\/\/dentalcliniquecr.com\/about-me\/#primaryimage\"},\"thumbnailUrl\":\"https:\/\/dentalcliniquecr.com\/wp-content\/uploads\/2025\/09\/doctoras_dental_clinique.webp\",\"datePublished\":\"2024-04-11T10:38:34+00:00\",\"dateModified\":\"2026-02-19T19:27:07+00:00\",\"description\":\"Dental Clinique in San Jos\u00e9, specialists in cosmetic dentistry and smile design. Personalized care to restore your confidence and smile.\",\"breadcrumb\":{\"@id\":\"https:\/\/dentalcliniquecr.com\/about-me\/#breadcrumb\"},\"inLanguage\":\"es-CR\",\"potentialAction\":[{\"@type\":\"ReadAction\",\"target\":[\"https:\/\/dentalcliniquecr.com\/about-me\/\"]}]},{\"@type\":\"ImageObject\",\"inLanguage\":\"es-CR\",\"@id\":\"https:\/\/dentalcliniquecr.com\/about-me\/#primaryimage\",\"url\":\"https:\/\/dentalcliniquecr.com\/wp-content\/uploads\/2025\/09\/doctoras_dental_clinique.webp\",\"contentUrl\":\"https:\/\/dentalcliniquecr.com\/wp-content\/uploads\/2025\/09\/doctoras_dental_clinique.webp\"},{\"@type\":\"BreadcrumbList\",\"@id\":\"https:\/\/dentalcliniquecr.com\/about-me\/#breadcrumb\",\"itemListElement\":[{\"@type\":\"ListItem\",\"position\":1,\"name\":\"Portada\",\"item\":\"https:\/\/dentalcliniquecr.com\/\"},{\"@type\":\"ListItem\",\"position\":2,\"name\":\"About Me\"}]},{\"@type\":\"WebSite\",\"@id\":\"https:\/\/dentalcliniquecr.com\/#website\",\"url\":\"https:\/\/dentalcliniquecr.com\/\",\"name\":\"Dental Clinique | Healthcare &amp; Implants\",\"description\":\"\",\"publisher\":{\"@id\":\"https:\/\/dentalcliniquecr.com\/#organization\"},\"potentialAction\":[{\"@type\":\"SearchAction\",\"target\":{\"@type\":\"EntryPoint\",\"urlTemplate\":\"https:\/\/dentalcliniquecr.com\/?s={search_term_string}\"},\"query-input\":{\"@type\":\"PropertyValueSpecification\",\"valueRequired\":true,\"valueName\":\"search_term_string\"}}],\"inLanguage\":\"es-CR\"},{\"@type\":\"Organization\",\"@id\":\"https:\/\/dentalcliniquecr.com\/#organization\",\"name\":\"Dental Clinique | Healthcare &amp; Implants\",\"url\":\"https:\/\/dentalcliniquecr.com\/\",\"logo\":{\"@type\":\"ImageObject\",\"inLanguage\":\"es-CR\",\"@id\":\"https:\/\/dentalcliniquecr.com\/#\/schema\/logo\/image\/\",\"url\":\"https:\/\/dentalcliniquecr.com\/wp-content\/uploads\/2025\/05\/cropped-LOGO-SIN-ISOLOGO-2.png\",\"contentUrl\":\"https:\/\/dentalcliniquecr.com\/wp-content\/uploads\/2025\/05\/cropped-LOGO-SIN-ISOLOGO-2.png\",\"width\":240,\"height\":134,\"caption\":\"Dental Clinique | Healthcare &amp; Implants\"},\"image\":{\"@id\":\"https:\/\/dentalcliniquecr.com\/#\/schema\/logo\/image\/\"}}]}<\/script>\n<!-- \/ Yoast SEO plugin. -->","yoast_head_json":{"title":"About Me - Dental Clinique | Healthcare &amp; Implants","description":"Dental Clinique in San Jos\u00e9, specialists in cosmetic dentistry and smile design. Personalized care to restore your confidence and smile.","robots":{"index":"index","follow":"follow","max-snippet":"max-snippet:-1","max-image-preview":"max-image-preview:large","max-video-preview":"max-video-preview:-1"},"canonical":"https:\/\/dentalcliniquecr.com\/es\/about-me\/","og_locale":"es_ES","og_type":"article","og_title":"Dental Clinique","og_description":"Dental Clinique in San Jos\u00e9, specialists in cosmetic dentistry and smile design. Personalized care to restore your confidence and smile.","og_url":"https:\/\/dentalcliniquecr.com\/es\/about-me\/","og_site_name":"Dental Clinique | Healthcare &amp; Implants","article_modified_time":"2026-02-19T19:27:07+00:00","og_image":[{"width":1586,"height":886,"url":"https:\/\/dentalcliniquecr.com\/wp-content\/uploads\/2025\/05\/LOGO-SIN-ISOLOGO.png","type":"image\/png"}],"twitter_card":"summary_large_image","twitter_misc":{"Est. reading time":"1 minuto"},"schema":{"@context":"https:\/\/schema.org","@graph":[{"@type":"WebPage","@id":"https:\/\/dentalcliniquecr.com\/about-me\/","url":"https:\/\/dentalcliniquecr.com\/about-me\/","name":"About Me - Dental Clinique | Healthcare &amp; Implants","isPartOf":{"@id":"https:\/\/dentalcliniquecr.com\/#website"},"primaryImageOfPage":{"@id":"https:\/\/dentalcliniquecr.com\/about-me\/#primaryimage"},"image":{"@id":"https:\/\/dentalcliniquecr.com\/about-me\/#primaryimage"},"thumbnailUrl":"https:\/\/dentalcliniquecr.com\/wp-content\/uploads\/2025\/09\/doctoras_dental_clinique.webp","datePublished":"2024-04-11T10:38:34+00:00","dateModified":"2026-02-19T19:27:07+00:00","description":"Dental Clinique in San Jos\u00e9, specialists in cosmetic dentistry and smile design. Personalized care to restore your confidence and smile.","breadcrumb":{"@id":"https:\/\/dentalcliniquecr.com\/about-me\/#breadcrumb"},"inLanguage":"es-CR","potentialAction":[{"@type":"ReadAction","target":["https:\/\/dentalcliniquecr.com\/about-me\/"]}]},{"@type":"ImageObject","inLanguage":"es-CR","@id":"https:\/\/dentalcliniquecr.com\/about-me\/#primaryimage","url":"https:\/\/dentalcliniquecr.com\/wp-content\/uploads\/2025\/09\/doctoras_dental_clinique.webp","contentUrl":"https:\/\/dentalcliniquecr.com\/wp-content\/uploads\/2025\/09\/doctoras_dental_clinique.webp"},{"@type":"BreadcrumbList","@id":"https:\/\/dentalcliniquecr.com\/about-me\/#breadcrumb","itemListElement":[{"@type":"ListItem","position":1,"name":"Portada","item":"https:\/\/dentalcliniquecr.com\/"},{"@type":"ListItem","position":2,"name":"About Me"}]},{"@type":"WebSite","@id":"https:\/\/dentalcliniquecr.com\/#website","url":"https:\/\/dentalcliniquecr.com\/","name":"Dental Clinique | Healthcare &amp; Implants","description":"","publisher":{"@id":"https:\/\/dentalcliniquecr.com\/#organization"},"potentialAction":[{"@type":"SearchAction","target":{"@type":"EntryPoint","urlTemplate":"https:\/\/dentalcliniquecr.com\/?s={search_term_string}"},"query-input":{"@type":"PropertyValueSpecification","valueRequired":true,"valueName":"search_term_string"}}],"inLanguage":"es-CR"},{"@type":"Organization","@id":"https:\/\/dentalcliniquecr.com\/#organization","name":"Dental Clinique | Healthcare &amp; Implants","url":"https:\/\/dentalcliniquecr.com\/","logo":{"@type":"ImageObject","inLanguage":"es-CR","@id":"https:\/\/dentalcliniquecr.com\/#\/schema\/logo\/image\/","url":"https:\/\/dentalcliniquecr.com\/wp-content\/uploads\/2025\/05\/cropped-LOGO-SIN-ISOLOGO-2.png","contentUrl":"https:\/\/dentalcliniquecr.com\/wp-content\/uploads\/2025\/05\/cropped-LOGO-SIN-ISOLOGO-2.png","width":240,"height":134,"caption":"Dental Clinique | Healthcare &amp; Implants"},"image":{"@id":"https:\/\/dentalcliniquecr.com\/#\/schema\/logo\/image\/"}}]}},"uagb_featured_image_src":{"full":false,"thumbnail":false,"medium":false,"medium_large":false,"large":false,"1536x1536":false,"2048x2048":false,"trp-custom-language-flag":false,"bosa-1920-550":false,"bosa-1370-550":false,"bosa-730-90":false,"bosa-590-310":false,"bosa-420-380":false,"bosa-420-300":false,"bosa-420-200":false,"bosa-290-150":false,"bosa-80-60":false,"woocommerce_thumbnail":false,"woocommerce_single":false,"woocommerce_gallery_thumbnail":false},"uagb_author_info":{"display_name":"maglinolivero@gmail.com","author_link":"https:\/\/dentalcliniquecr.com\/es\/author\/maglinoliverogmail-com\/"},"uagb_comment_info":0,"uagb_excerpt":"About Me ABOUT ME Dras. Ana T\u00e9llez y Laura Segura Specialized dentists in dental aesthetics, passionate about transforming smiles and creating positive experiences. Learn more about our professional and human-centered approach. Passion for dentistry, commitment to your smileWe are Dr. Ana T\u00e9llez and Dr. Laura Segura, dentists committed to providing personalized, ethical, and high-quality care.&hellip;","_links":{"self":[{"href":"https:\/\/dentalcliniquecr.com\/es\/wp-json\/wp\/v2\/pages\/1478","targetHints":{"allow":["GET"]}}],"collection":[{"href":"https:\/\/dentalcliniquecr.com\/es\/wp-json\/wp\/v2\/pages"}],"about":[{"href":"https:\/\/dentalcliniquecr.com\/es\/wp-json\/wp\/v2\/types\/page"}],"author":[{"embeddable":true,"href":"https:\/\/dentalcliniquecr.com\/es\/wp-json\/wp\/v2\/users\/1"}],"replies":[{"embeddable":true,"href":"https:\/\/dentalcliniquecr.com\/es\/wp-json\/wp\/v2\/comments?post=1478"}],"version-history":[{"count":25,"href":"https:\/\/dentalcliniquecr.com\/es\/wp-json\/wp\/v2\/pages\/1478\/revisions"}],"predecessor-version":[{"id":1861,"href":"https:\/\/dentalcliniquecr.com\/es\/wp-json\/wp\/v2\/pages\/1478\/revisions\/1861"}],"wp:attachment":[{"href":"https:\/\/dentalcliniquecr.com\/es\/wp-json\/wp\/v2\/media?parent=1478"}],"curies":[{"name":"wp","href":"https:\/\/api.w.org\/{rel}","templated":true}]}}